{"id":766,"date":"2021-04-11T08:39:12","date_gmt":"2021-04-11T06:39:12","guid":{"rendered":"https:\/\/outzin.tridentdemo.dk\/ueber-mich\/"},"modified":"2021-07-01T10:19:40","modified_gmt":"2021-07-01T08:19:40","slug":"ueber-mich","status":"publish","type":"page","link":"https:\/\/outzin.com\/de\/ueber-mich\/","title":{"rendered":"\u00dcber mich"},"content":{"rendered":"\t\t<div data-elementor-type=\"wp-page\" data-elementor-id=\"766\" class=\"elementor elementor-766 elementor-106\" data-elementor-post-type=\"page\">\n\t\t\t\t\t\t<section class=\"elementor-section elementor-top-section elementor-element elementor-element-513687f elementor-section-full_width elementor-section-height-min-height elementor-section-height-default elementor-section-items-middle\" data-id=\"513687f\" data-element_type=\"section\" data-e-type=\"section\" data-settings=\"{&quot;background_background&quot;:&quot;classic&quot;,&quot;background_motion_fx_motion_fx_scrolling&quot;:&quot;yes&quot;,&quot;background_motion_fx_translateY_effect&quot;:&quot;yes&quot;,&quot;background_motion_fx_translateY_speed&quot;:{&quot;unit&quot;:&quot;px&quot;,&quot;size&quot;:4,&quot;sizes&quot;:[]},&quot;background_motion_fx_translateY_affectedRange&quot;:{&quot;unit&quot;:&quot;%&quot;,&quot;size&quot;:&quot;&quot;,&quot;sizes&quot;:{&quot;start&quot;:0,&quot;end&quot;:100}},&quot;background_motion_fx_devices&quot;:[&quot;desktop&quot;,&quot;tablet&quot;,&quot;mobile&quot;]}\">\n\t\t\t\t\t\t<div class=\"elementor-container elementor-column-gap-default\">\n\t\t\t\t\t<div class=\"elementor-column elementor-col-100 elementor-top-column elementor-element elementor-element-665f19d\" data-id=\"665f19d\" data-element_type=\"column\" data-e-type=\"column\">\n\t\t\t<div class=\"elementor-widget-wrap elementor-element-populated\">\n\t\t\t\t\t\t<div class=\"elementor-element elementor-element-fef2619 elementor-widget elementor-widget-heading\" data-id=\"fef2619\" data-element_type=\"widget\" data-e-type=\"widget\" data-widget_type=\"heading.default\">\n\t\t\t\t<div class=\"elementor-widget-container\">\n\t\t\t\t\t<h1 class=\"elementor-heading-title elementor-size-default\">OM OUTZIN\n<\/h1>\t\t\t\t<\/div>\n\t\t\t\t<\/div>\n\t\t\t\t<div class=\"elementor-element elementor-element-4807e8c elementor-widget elementor-widget-heading\" data-id=\"4807e8c\" data-element_type=\"widget\" data-e-type=\"widget\" data-widget_type=\"heading.default\">\n\t\t\t\t<div class=\"elementor-widget-container\">\n\t\t\t\t\t<h1 class=\"elementor-heading-title elementor-size-default\">Aktive Abenteuerreisen in der Natur<\/h1>\t\t\t\t<\/div>\n\t\t\t\t<\/div>\n\t\t\t\t\t<\/div>\n\t\t<\/div>\n\t\t\t\t\t<\/div>\n\t\t<\/section>\n\t\t\t\t<section class=\"elementor-section elementor-top-section elementor-element elementor-element-b7772fd elementor-section-boxed elementor-section-height-default elementor-section-height-default\" data-id=\"b7772fd\" data-element_type=\"section\" data-e-type=\"section\">\n\t\t\t\t\t\t<div class=\"elementor-container elementor-column-gap-default\">\n\t\t\t\t\t<div class=\"elementor-column elementor-col-100 elementor-top-column elementor-element elementor-element-3497e71\" data-id=\"3497e71\" data-element_type=\"column\" data-e-type=\"column\">\n\t\t\t<div class=\"elementor-widget-wrap elementor-element-populated\">\n\t\t\t\t\t\t<div class=\"elementor-element elementor-element-8026080 elementor-widget elementor-widget-spacer\" data-id=\"8026080\" data-element_type=\"widget\" data-e-type=\"widget\" data-widget_type=\"spacer.default\">\n\t\t\t\t<div class=\"elementor-widget-container\">\n\t\t\t\t\t\t\t<div class=\"elementor-spacer\">\n\t\t\t<div class=\"elementor-spacer-inner\"><\/div>\n\t\t<\/div>\n\t\t\t\t\t\t<\/div>\n\t\t\t\t<\/div>\n\t\t\t\t\t<\/div>\n\t\t<\/div>\n\t\t\t\t\t<\/div>\n\t\t<\/section>\n\t\t\t\t<section class=\"elementor-section elementor-top-section elementor-element elementor-element-3d82f59 elementor-section-boxed elementor-section-height-default elementor-section-height-default\" data-id=\"3d82f59\" data-element_type=\"section\" data-e-type=\"section\">\n\t\t\t\t\t\t<div class=\"elementor-container elementor-column-gap-default\">\n\t\t\t\t\t<div class=\"elementor-column elementor-col-100 elementor-top-column elementor-element elementor-element-9cf37fa\" data-id=\"9cf37fa\" data-element_type=\"column\" data-e-type=\"column\">\n\t\t\t<div class=\"elementor-widget-wrap elementor-element-populated\">\n\t\t\t\t\t\t<div class=\"elementor-element elementor-element-7267b5a elementor-widget elementor-widget-heading\" data-id=\"7267b5a\" data-element_type=\"widget\" data-e-type=\"widget\" data-widget_type=\"heading.default\">\n\t\t\t\t<div class=\"elementor-widget-container\">\n\t\t\t\t\t<h2 class=\"elementor-heading-title elementor-size-default\">AKTIVE ERFAHRUNGSREISEN IN DER NATUR\n<\/h2>\t\t\t\t<\/div>\n\t\t\t\t<\/div>\n\t\t\t\t<div class=\"elementor-element elementor-element-63a1031 elementor-widget elementor-widget-text-editor\" data-id=\"63a1031\" data-element_type=\"widget\" data-e-type=\"widget\" data-widget_type=\"text-editor.default\">\n\t\t\t\t<div class=\"elementor-widget-container\">\n\t\t\t\t\t\t\t\t\t<p>Mein Name ist Klas, und hier bei Outzin haben Sie die M\u00f6glichkeit, die Natur zu erleben, wo ich entweder Ihr Lehrer bin oder Ausr\u00fcstung f\u00fcr Sie vermiete. Es kann alles sein, vom Seekajakfahren und Mountainbiken bis zum Baumklettern und SUP. Meine Erfahrung ist genau das, was mich von anderen qualifizierten Ausbildern unterscheidet. Das alles geschieht durch meine Ausbildung zum Outdoor-Instruktor, wodurch ich \u00fcber alle technischen F\u00e4higkeiten und Erfahrungen im Umgang mit kleinen und gro\u00dfen Gruppen verf\u00fcge. Dar\u00fcber hinaus habe ich einen Master-Abschluss in Umwelt, der mir einen Einblick in den Bereich gibt, in dem wir uns befinden.<\/p>\n\t\t\t\t\t\t\t\t<\/div>\n\t\t\t\t<\/div>\n\t\t\t\t\t<\/div>\n\t\t<\/div>\n\t\t\t\t\t<\/div>\n\t\t<\/section>\n\t\t\t\t<section class=\"elementor-section elementor-top-section elementor-element elementor-element-dc142fc elementor-section-boxed elementor-section-height-default elementor-section-height-default\" data-id=\"dc142fc\" data-element_type=\"section\" data-e-type=\"section\">\n\t\t\t\t\t\t<div class=\"elementor-container elementor-column-gap-default\">\n\t\t\t\t\t<div class=\"elementor-column elementor-col-100 elementor-top-column elementor-element elementor-element-e575f8c\" data-id=\"e575f8c\" data-element_type=\"column\" data-e-type=\"column\">\n\t\t\t<div class=\"elementor-widget-wrap elementor-element-populated\">\n\t\t\t\t\t\t<div class=\"elementor-element elementor-element-e23a31b elementor-widget elementor-widget-heading\" data-id=\"e23a31b\" data-element_type=\"widget\" data-e-type=\"widget\" data-widget_type=\"heading.default\">\n\t\t\t\t<div class=\"elementor-widget-container\">\n\t\t\t\t\t<h2 class=\"elementor-heading-title elementor-size-default\">EIN LEHRER MIT ERFAHRUNG UND HERZ AM RICHTIGEN ORT\n<\/h2>\t\t\t\t<\/div>\n\t\t\t\t<\/div>\n\t\t\t\t<div class=\"elementor-element elementor-element-c297c78 elementor-widget elementor-widget-text-editor\" data-id=\"c297c78\" data-element_type=\"widget\" data-e-type=\"widget\" data-widget_type=\"text-editor.default\">\n\t\t\t\t<div class=\"elementor-widget-container\">\n\t\t\t\t\t\t\t\t\t<div class=\"uk-section-default uk-section\">\n<div class=\"uk-container\">\n<div class=\"tm-grid-expand uk-child-width-1-1 uk-grid-margin uk-grid uk-grid-stack\">\n<div class=\"uk-width-1-1@m uk-first-column\">\n<div class=\"uk-panel uk-margin uk-text-center\">\n<p>Besonders das Geschichtenerz\u00e4hlen liegt mir besonders am Herzen, weshalb ich auf der Reise \u00fcber lustige Anekdoten und interessante Ereignisse berichten kann. Genau diese Anekdoten helfen mir, mich von anderen erfahrenen Lehrern abzuheben, da lokales Wissen einfach nicht auf der Schulbank gelernt wird. Mit anderen gibt mir die theoretische, praktische und meine lokale Erfahrung eine v\u00f6llig einzigartige Kombination, von der Sie profitieren. <\/p>\n<\/div>\n<\/div>\n<\/div>\n<\/div>\n<\/div>\n\t\t\t\t\t\t\t\t<\/div>\n\t\t\t\t<\/div>\n\t\t\t\t\t<\/div>\n\t\t<\/div>\n\t\t\t\t\t<\/div>\n\t\t<\/section>\n\t\t\t\t<section class=\"elementor-section elementor-top-section elementor-element elementor-element-ba19039 elementor-section-boxed elementor-section-height-default elementor-section-height-default\" data-id=\"ba19039\" data-element_type=\"section\" data-e-type=\"section\">\n\t\t\t\t\t\t<div class=\"elementor-container elementor-column-gap-default\">\n\t\t\t\t\t<div class=\"elementor-column elementor-col-100 elementor-top-column elementor-element elementor-element-56bdecb\" data-id=\"56bdecb\" data-element_type=\"column\" data-e-type=\"column\">\n\t\t\t<div class=\"elementor-widget-wrap elementor-element-populated\">\n\t\t\t\t\t\t<div class=\"elementor-element elementor-element-ddc1286 elementor-widget elementor-widget-spacer\" data-id=\"ddc1286\" data-element_type=\"widget\" data-e-type=\"widget\" data-widget_type=\"spacer.default\">\n\t\t\t\t<div class=\"elementor-widget-container\">\n\t\t\t\t\t\t\t<div class=\"elementor-spacer\">\n\t\t\t<div class=\"elementor-spacer-inner\"><\/div>\n\t\t<\/div>\n\t\t\t\t\t\t<\/div>\n\t\t\t\t<\/div>\n\t\t\t\t\t<\/div>\n\t\t<\/div>\n\t\t\t\t\t<\/div>\n\t\t<\/section>\n\t\t\t\t<section class=\"elementor-section elementor-top-section elementor-element elementor-element-14eba05 elementor-section-height-min-height elementor-section-content-middle elementor-section-boxed elementor-section-height-default elementor-section-items-middle\" data-id=\"14eba05\" data-element_type=\"section\" data-e-type=\"section\" data-settings=\"{&quot;background_background&quot;:&quot;classic&quot;}\">\n\t\t\t\t\t\t\t<div class=\"elementor-background-overlay\"><\/div>\n\t\t\t\t\t\t\t<div class=\"elementor-container elementor-column-gap-no\">\n\t\t\t\t\t<div class=\"elementor-column elementor-col-100 elementor-top-column elementor-element elementor-element-50c3ff4\" data-id=\"50c3ff4\" data-element_type=\"column\" data-e-type=\"column\">\n\t\t\t<div class=\"elementor-widget-wrap elementor-element-populated\">\n\t\t\t\t\t\t<div class=\"elementor-element elementor-element-4cddf3f elementor-widget elementor-widget-text-editor\" data-id=\"4cddf3f\" data-element_type=\"widget\" data-e-type=\"widget\" data-widget_type=\"text-editor.default\">\n\t\t\t\t<div class=\"elementor-widget-container\">\n\t\t\t\t\t\t\t\t\t<p>MISSION &amp; VISION<\/p>\n\t\t\t\t\t\t\t\t<\/div>\n\t\t\t\t<\/div>\n\t\t\t\t<div class=\"elementor-element elementor-element-bcd937f elementor-widget elementor-widget-heading\" data-id=\"bcd937f\" data-element_type=\"widget\" data-e-type=\"widget\" data-widget_type=\"heading.default\">\n\t\t\t\t<div class=\"elementor-widget-container\">\n\t\t\t\t\t<h2 class=\"elementor-heading-title elementor-size-default\">DIE BESTE AUSR\u00dcSTUNG UND DIE SCH\u00d6NSTEN WEGE\n<\/h2>\t\t\t\t<\/div>\n\t\t\t\t<\/div>\n\t\t\t\t<section class=\"elementor-section elementor-inner-section elementor-element elementor-element-0e7385c elementor-section-boxed elementor-section-height-default elementor-section-height-default\" data-id=\"0e7385c\" data-element_type=\"section\" data-e-type=\"section\">\n\t\t\t\t\t\t<div class=\"elementor-container elementor-column-gap-wider\">\n\t\t\t\t\t<div class=\"elementor-column elementor-col-100 elementor-inner-column elementor-element elementor-element-2674ce5\" data-id=\"2674ce5\" data-element_type=\"column\" data-e-type=\"column\">\n\t\t\t<div class=\"elementor-widget-wrap elementor-element-populated\">\n\t\t\t\t\t\t<div class=\"elementor-element elementor-element-2dc698c elementor-widget elementor-widget-icon-box\" data-id=\"2dc698c\" data-element_type=\"widget\" data-e-type=\"widget\" data-widget_type=\"icon-box.default\">\n\t\t\t\t<div class=\"elementor-widget-container\">\n\t\t\t\t\t\t\t<div class=\"elementor-icon-box-wrapper\">\n\n\t\t\t\n\t\t\t\t\t\t<div class=\"elementor-icon-box-content\">\n\n\t\t\t\t\n\t\t\t\t\t\t\t\t\t<p class=\"elementor-icon-box-description\">\n\t\t\t\t\t\tF\u00fcr mich geht es darum, Ihnen die beste und sicherste Ausr\u00fcstung zu bieten, gemischt mit D\u00e4nemarks sch\u00f6nster Natur und Routen. Auf diese Weise k\u00f6nnen Sie sich immer sicher f\u00fchlen, wenn Sie sich daf\u00fcr entscheiden, Hilfe von mir zu erhalten. Dar\u00fcber hinaus kommt es Ihnen zugute, dass die Natur mein bester Freund ist. Dies liegt daran, dass ich wei\u00df, wo die besten Orte sind und wo Sie Ihre Zeit und Ressourcen einsetzen m\u00fcssen.\t\t\t\t\t<\/p>\n\t\t\t\t\n\t\t\t<\/div>\n\t\t\t\n\t\t<\/div>\n\t\t\t\t\t\t<\/div>\n\t\t\t\t<\/div>\n\t\t\t\t\t<\/div>\n\t\t<\/div>\n\t\t\t\t\t<\/div>\n\t\t<\/section>\n\t\t\t\t\t<\/div>\n\t\t<\/div>\n\t\t\t\t\t<\/div>\n\t\t<\/section>\n\t\t\t\t<\/div>\n\t\t","protected":false},"excerpt":{"rendered":"<p>OM OUTZIN Aktive Abenteuerreisen in der Natur AKTIVE ERFAHRUNGSREISEN IN DER NATUR Mein Name ist Klas, und hier bei Outzin haben Sie die M\u00f6glichkeit, die Natur zu erleben, wo ich entweder Ihr Lehrer bin oder Ausr\u00fcstung f\u00fcr Sie vermiete. Es kann alles sein, vom Seekajakfahren und Mountainbiken bis zum Baumklettern und SUP. Meine Erfahrung ist&hellip; <a class=\"more-link\" href=\"https:\/\/outzin.com\/de\/ueber-mich\/\"><span class=\"screen-reader-text\">\u00dcber mich<\/span> weiterlesen<\/a><\/p>\n","protected":false},"author":1,"featured_media":0,"parent":0,"menu_order":0,"comment_status":"closed","ping_status":"closed","template":"","meta":{"footnotes":""},"class_list":["post-766","page","type-page","status-publish","hentry","entry"],"yoast_head":"<!-- This site is optimized with the Yoast SEO plugin v27.6 - https:\/\/yoast.com\/product\/yoast-seo-wordpress\/ -->\n<title>\u00dcber mich - Outzin<\/title>\n<meta name=\"robots\" content=\"index, follow, max-snippet:-1, max-image-preview:large, max-video-preview:-1\" \/>\n<link rel=\"canonical\" href=\"https:\/\/outzin.com\/de\/ueber-mich\/\" \/>\n<meta property=\"og:locale\" content=\"de_DE\" \/>\n<meta property=\"og:type\" content=\"article\" \/>\n<meta property=\"og:title\" content=\"\u00dcber mich - Outzin\" \/>\n<meta property=\"og:description\" content=\"OM OUTZIN Aktive Abenteuerreisen in der Natur AKTIVE ERFAHRUNGSREISEN IN DER NATUR Mein Name ist Klas, und hier bei Outzin haben Sie die M\u00f6glichkeit, die Natur zu erleben, wo ich entweder Ihr Lehrer bin oder Ausr\u00fcstung f\u00fcr Sie vermiete. Es kann alles sein, vom Seekajakfahren und Mountainbiken bis zum Baumklettern und SUP. Meine Erfahrung ist&hellip; \u00dcber mich weiterlesen\" \/>\n<meta property=\"og:url\" content=\"https:\/\/outzin.com\/de\/ueber-mich\/\" \/>\n<meta property=\"og:site_name\" content=\"Outzin\" \/>\n<meta property=\"article:modified_time\" content=\"2021-07-01T08:19:40+00:00\" \/>\n<meta name=\"twitter:card\" content=\"summary_large_image\" \/>\n<meta name=\"twitter:label1\" content=\"Gesch\u00e4tzte Lesezeit\" \/>\n\t<meta name=\"twitter:data1\" content=\"1\u00a0Minute\" \/>\n<script type=\"application\/ld+json\" class=\"yoast-schema-graph\">{\"@context\":\"https:\\\/\\\/schema.org\",\"@graph\":[{\"@type\":\"WebPage\",\"@id\":\"https:\\\/\\\/outzin.com\\\/de\\\/ueber-mich\\\/\",\"url\":\"https:\\\/\\\/outzin.com\\\/de\\\/ueber-mich\\\/\",\"name\":\"\u00dcber mich - Outzin\",\"isPartOf\":{\"@id\":\"https:\\\/\\\/outzin.com\\\/de\\\/#website\"},\"datePublished\":\"2021-04-11T06:39:12+00:00\",\"dateModified\":\"2021-07-01T08:19:40+00:00\",\"breadcrumb\":{\"@id\":\"https:\\\/\\\/outzin.com\\\/de\\\/ueber-mich\\\/#breadcrumb\"},\"inLanguage\":\"de\",\"potentialAction\":[{\"@type\":\"ReadAction\",\"target\":[\"https:\\\/\\\/outzin.com\\\/de\\\/ueber-mich\\\/\"]}]},{\"@type\":\"BreadcrumbList\",\"@id\":\"https:\\\/\\\/outzin.com\\\/de\\\/ueber-mich\\\/#breadcrumb\",\"itemListElement\":[{\"@type\":\"ListItem\",\"position\":1,\"name\":\"Hjem\",\"item\":\"https:\\\/\\\/outzin.com\\\/de\\\/\"},{\"@type\":\"ListItem\",\"position\":2,\"name\":\"\u00dcber mich\"}]},{\"@type\":\"WebSite\",\"@id\":\"https:\\\/\\\/outzin.com\\\/de\\\/#website\",\"url\":\"https:\\\/\\\/outzin.com\\\/de\\\/\",\"name\":\"Outzin\",\"description\":\"Aktive naturoplevelser\",\"publisher\":{\"@id\":\"https:\\\/\\\/outzin.com\\\/de\\\/#organization\"},\"potentialAction\":[{\"@type\":\"SearchAction\",\"target\":{\"@type\":\"EntryPoint\",\"urlTemplate\":\"https:\\\/\\\/outzin.com\\\/de\\\/?s={search_term_string}\"},\"query-input\":{\"@type\":\"PropertyValueSpecification\",\"valueRequired\":true,\"valueName\":\"search_term_string\"}}],\"inLanguage\":\"de\"},{\"@type\":\"Organization\",\"@id\":\"https:\\\/\\\/outzin.com\\\/de\\\/#organization\",\"name\":\"Outzin\",\"url\":\"https:\\\/\\\/outzin.com\\\/de\\\/\",\"logo\":{\"@type\":\"ImageObject\",\"inLanguage\":\"de\",\"@id\":\"https:\\\/\\\/outzin.com\\\/de\\\/#\\\/schema\\\/logo\\\/image\\\/\",\"url\":\"https:\\\/\\\/outzin.com\\\/wp-content\\\/uploads\\\/2021\\\/04\\\/cropped-outZin_sd4b_hvid-8d58a405-p4mlpxh27d7jynzu1ukdjj05ptk1swnu1n4bzmyme2.png\",\"contentUrl\":\"https:\\\/\\\/outzin.com\\\/wp-content\\\/uploads\\\/2021\\\/04\\\/cropped-outZin_sd4b_hvid-8d58a405-p4mlpxh27d7jynzu1ukdjj05ptk1swnu1n4bzmyme2.png\",\"width\":180,\"height\":73,\"caption\":\"Outzin\"},\"image\":{\"@id\":\"https:\\\/\\\/outzin.com\\\/de\\\/#\\\/schema\\\/logo\\\/image\\\/\"}}]}<\/script>\n<!-- \/ Yoast SEO plugin. -->","yoast_head_json":{"title":"\u00dcber mich - Outzin","robots":{"index":"index","follow":"follow","max-snippet":"max-snippet:-1","max-image-preview":"max-image-preview:large","max-video-preview":"max-video-preview:-1"},"canonical":"https:\/\/outzin.com\/de\/ueber-mich\/","og_locale":"de_DE","og_type":"article","og_title":"\u00dcber mich - Outzin","og_description":"OM OUTZIN Aktive Abenteuerreisen in der Natur AKTIVE ERFAHRUNGSREISEN IN DER NATUR Mein Name ist Klas, und hier bei Outzin haben Sie die M\u00f6glichkeit, die Natur zu erleben, wo ich entweder Ihr Lehrer bin oder Ausr\u00fcstung f\u00fcr Sie vermiete. Es kann alles sein, vom Seekajakfahren und Mountainbiken bis zum Baumklettern und SUP. Meine Erfahrung ist&hellip; \u00dcber mich weiterlesen","og_url":"https:\/\/outzin.com\/de\/ueber-mich\/","og_site_name":"Outzin","article_modified_time":"2021-07-01T08:19:40+00:00","twitter_card":"summary_large_image","twitter_misc":{"Gesch\u00e4tzte Lesezeit":"1\u00a0Minute"},"schema":{"@context":"https:\/\/schema.org","@graph":[{"@type":"WebPage","@id":"https:\/\/outzin.com\/de\/ueber-mich\/","url":"https:\/\/outzin.com\/de\/ueber-mich\/","name":"\u00dcber mich - Outzin","isPartOf":{"@id":"https:\/\/outzin.com\/de\/#website"},"datePublished":"2021-04-11T06:39:12+00:00","dateModified":"2021-07-01T08:19:40+00:00","breadcrumb":{"@id":"https:\/\/outzin.com\/de\/ueber-mich\/#breadcrumb"},"inLanguage":"de","potentialAction":[{"@type":"ReadAction","target":["https:\/\/outzin.com\/de\/ueber-mich\/"]}]},{"@type":"BreadcrumbList","@id":"https:\/\/outzin.com\/de\/ueber-mich\/#breadcrumb","itemListElement":[{"@type":"ListItem","position":1,"name":"Hjem","item":"https:\/\/outzin.com\/de\/"},{"@type":"ListItem","position":2,"name":"\u00dcber mich"}]},{"@type":"WebSite","@id":"https:\/\/outzin.com\/de\/#website","url":"https:\/\/outzin.com\/de\/","name":"Outzin","description":"Aktive naturoplevelser","publisher":{"@id":"https:\/\/outzin.com\/de\/#organization"},"potentialAction":[{"@type":"SearchAction","target":{"@type":"EntryPoint","urlTemplate":"https:\/\/outzin.com\/de\/?s={search_term_string}"},"query-input":{"@type":"PropertyValueSpecification","valueRequired":true,"valueName":"search_term_string"}}],"inLanguage":"de"},{"@type":"Organization","@id":"https:\/\/outzin.com\/de\/#organization","name":"Outzin","url":"https:\/\/outzin.com\/de\/","logo":{"@type":"ImageObject","inLanguage":"de","@id":"https:\/\/outzin.com\/de\/#\/schema\/logo\/image\/","url":"https:\/\/outzin.com\/wp-content\/uploads\/2021\/04\/cropped-outZin_sd4b_hvid-8d58a405-p4mlpxh27d7jynzu1ukdjj05ptk1swnu1n4bzmyme2.png","contentUrl":"https:\/\/outzin.com\/wp-content\/uploads\/2021\/04\/cropped-outZin_sd4b_hvid-8d58a405-p4mlpxh27d7jynzu1ukdjj05ptk1swnu1n4bzmyme2.png","width":180,"height":73,"caption":"Outzin"},"image":{"@id":"https:\/\/outzin.com\/de\/#\/schema\/logo\/image\/"}}]}},"_links":{"self":[{"href":"https:\/\/outzin.com\/de\/wp-json\/wp\/v2\/pages\/766","targetHints":{"allow":["GET"]}}],"collection":[{"href":"https:\/\/outzin.com\/de\/wp-json\/wp\/v2\/pages"}],"about":[{"href":"https:\/\/outzin.com\/de\/wp-json\/wp\/v2\/types\/page"}],"author":[{"embeddable":true,"href":"https:\/\/outzin.com\/de\/wp-json\/wp\/v2\/users\/1"}],"replies":[{"embeddable":true,"href":"https:\/\/outzin.com\/de\/wp-json\/wp\/v2\/comments?post=766"}],"version-history":[{"count":5,"href":"https:\/\/outzin.com\/de\/wp-json\/wp\/v2\/pages\/766\/revisions"}],"predecessor-version":[{"id":1340,"href":"https:\/\/outzin.com\/de\/wp-json\/wp\/v2\/pages\/766\/revisions\/1340"}],"wp:attachment":[{"href":"https:\/\/outzin.com\/de\/wp-json\/wp\/v2\/media?parent=766"}],"curies":[{"name":"wp","href":"https:\/\/api.w.org\/{rel}","templated":true}]}}