{"id":1350,"date":"2021-07-01T10:21:33","date_gmt":"2021-07-01T08:21:33","guid":{"rendered":"https:\/\/outzin.com\/datenschutzerklaerung-cookies\/"},"modified":"2021-07-01T10:22:21","modified_gmt":"2021-07-01T08:22:21","slug":"datenschutzerklaerung-cookies","status":"publish","type":"page","link":"https:\/\/outzin.com\/de\/datenschutzerklaerung-cookies\/","title":{"rendered":"Datenschutzerkl\u00e4rung &amp; Cookies"},"content":{"rendered":"\t\t<div data-elementor-type=\"wp-page\" data-elementor-id=\"1350\" class=\"elementor elementor-1350 elementor-70\" data-elementor-post-type=\"page\">\n\t\t\t\t\t\t<section class=\"elementor-section elementor-top-section elementor-element elementor-element-7a57b78 elementor-section-boxed elementor-section-height-default elementor-section-height-default\" data-id=\"7a57b78\" data-element_type=\"section\" data-e-type=\"section\">\n\t\t\t\t\t\t<div class=\"elementor-container elementor-column-gap-default\">\n\t\t\t\t\t<div class=\"elementor-column elementor-col-100 elementor-top-column elementor-element elementor-element-e90e5c3\" data-id=\"e90e5c3\" data-element_type=\"column\" data-e-type=\"column\">\n\t\t\t<div class=\"elementor-widget-wrap elementor-element-populated\">\n\t\t\t\t\t\t<div class=\"elementor-element elementor-element-2df12e6 elementor-widget elementor-widget-heading\" data-id=\"2df12e6\" data-element_type=\"widget\" data-e-type=\"widget\" data-widget_type=\"heading.default\">\n\t\t\t\t<div class=\"elementor-widget-container\">\n\t\t\t\t\t<h1 class=\"elementor-heading-title elementor-size-xxl\"><div><div><div><div><div><div>Datenschutzerkl\u00e4rung &amp; Cookies <\/div><\/div><\/div><\/div><\/div><\/div><\/h1>\t\t\t\t<\/div>\n\t\t\t\t<\/div>\n\t\t\t\t<div class=\"elementor-element elementor-element-afb605a elementor-widget elementor-widget-text-editor\" data-id=\"afb605a\" data-element_type=\"widget\" data-e-type=\"widget\" data-widget_type=\"text-editor.default\">\n\t\t\t\t<div class=\"elementor-widget-container\">\n\t\t\t\t\t\t\t\t\t<div class=\"uk-panel uk-margin\">Auf unserer Website www.outzin.com verwenden wir wie alle anderen Cookies. Es ist v\u00f6llig harmlos und anonym. Das hei\u00dft, wir sammeln keine personenbezogenen Daten. Wir verwenden Cookies, um Ihre Erfahrung bei der Nutzung unserer Website zu verbessern. Auf dieser Seite erfahren Sie mehr dar\u00fcber, was Cookies sind und wie Sie diese m\u00f6glicherweise vermeiden k\u00f6nnen.<\/div>\n<p><\/p>\n\t\t\t\t\t\t\t\t<\/div>\n\t\t\t\t<\/div>\n\t\t\t\t<div class=\"elementor-element elementor-element-73db03a elementor-widget elementor-widget-heading\" data-id=\"73db03a\" data-element_type=\"widget\" data-e-type=\"widget\" data-widget_type=\"heading.default\">\n\t\t\t\t<div class=\"elementor-widget-container\">\n\t\t\t\t\t<h1 class=\"elementor-heading-title elementor-size-xxl\"> Was sind Kekse? <\/h1>\t\t\t\t<\/div>\n\t\t\t\t<\/div>\n\t\t\t\t<div class=\"elementor-element elementor-element-9dd1949 elementor-widget elementor-widget-text-editor\" data-id=\"9dd1949\" data-element_type=\"widget\" data-e-type=\"widget\" data-widget_type=\"text-editor.default\">\n\t\t\t\t<div class=\"elementor-widget-container\">\n\t\t\t\t\t\t\t\t\t<div class=\"uk-panel uk-margin\">\n<div class=\"uk-panel uk-margin-small\">Ein Cookie ist eine kleine Textdatei, die auf Ihrem PC, Smartphone, Tablet o.\u00e4. gespeichert wird. Mit diesem Cookie k\u00f6nnen Sie auf Ihrem Ger\u00e4t Informationen speichern oder auf bereits gespeicherte Informationen zugreifen, um Daten \u00fcber Sie zu sammeln. Ein Cookie kann entweder Text, Zahlen oder z.B. ein Datum, aber keine pers\u00f6nlichen Daten. Das hei\u00dft, es ist v\u00f6llig anonym und harmlos. Dar\u00fcber hinaus ist ein Cookie kein Programm und enth\u00e4lt KEINE Viren, die Ihnen und Ihrem Ger\u00e4t schaden k\u00f6nnen.<\/div>\n<\/div>\n\t\t\t\t\t\t\t\t<\/div>\n\t\t\t\t<\/div>\n\t\t\t\t<div class=\"elementor-element elementor-element-c1d5de6 elementor-widget elementor-widget-heading\" data-id=\"c1d5de6\" data-element_type=\"widget\" data-e-type=\"widget\" data-widget_type=\"heading.default\">\n\t\t\t\t<div class=\"elementor-widget-container\">\n\t\t\t\t\t<h1 class=\"elementor-heading-title elementor-size-xxl\">So vermeiden Sie Cookies <\/h1>\t\t\t\t<\/div>\n\t\t\t\t<\/div>\n\t\t\t\t<div class=\"elementor-element elementor-element-b7cfe8b elementor-widget elementor-widget-text-editor\" data-id=\"b7cfe8b\" data-element_type=\"widget\" data-e-type=\"widget\" data-widget_type=\"text-editor.default\">\n\t\t\t\t<div class=\"elementor-widget-container\">\n\t\t\t\t\t\t\t\t\t<div class=\"uk-panel uk-margin\">\n<div class=\"uk-panel uk-margin-small\">Sie k\u00f6nnen Cookies jederzeit vermeiden, wenn Sie outzin.dk besuchen. Sie m\u00fcssen lediglich in Ihrem Browser unter Interneteinstellungen erweiterte Cookie-Einstellungen ausw\u00e4hlen. Sie f\u00fcgen www.outzin.dk zur Liste der Websites hinzu, von denen Sie keine Cookies w\u00fcnschen. So einfach geht das. Dies kann jedoch dazu f\u00fchren, dass Sie die Website nicht optimal nutzen k\u00f6nnen.\u201c<\/div>\n<\/div>\n\t\t\t\t\t\t\t\t<\/div>\n\t\t\t\t<\/div>\n\t\t\t\t\t<\/div>\n\t\t<\/div>\n\t\t\t\t\t<\/div>\n\t\t<\/section>\n\t\t\t\t<\/div>\n\t\t","protected":false},"excerpt":{"rendered":"<p>Datenschutzerkl\u00e4rung &amp; Cookies Auf unserer Website www.outzin.com verwenden wir wie alle anderen Cookies. Es ist v\u00f6llig harmlos und anonym. Das hei\u00dft, wir sammeln keine personenbezogenen Daten. Wir verwenden Cookies, um Ihre Erfahrung bei der Nutzung unserer Website zu verbessern. Auf dieser Seite erfahren Sie mehr dar\u00fcber, was Cookies sind und wie Sie diese m\u00f6glicherweise vermeiden&hellip; <a class=\"more-link\" href=\"https:\/\/outzin.com\/de\/datenschutzerklaerung-cookies\/\"><span class=\"screen-reader-text\">Datenschutzerkl\u00e4rung &amp; Cookies<\/span> weiterlesen<\/a><\/p>\n","protected":false},"author":1,"featured_media":0,"parent":0,"menu_order":0,"comment_status":"closed","ping_status":"closed","template":"","meta":{"footnotes":""},"class_list":["post-1350","page","type-page","status-publish","hentry","entry"],"yoast_head":"<!-- This site is optimized with the Yoast SEO plugin v27.6 - https:\/\/yoast.com\/product\/yoast-seo-wordpress\/ -->\n<title>Datenschutzerkl\u00e4rung &amp; Cookies - Outzin<\/title>\n<meta name=\"robots\" content=\"index, follow, max-snippet:-1, max-image-preview:large, max-video-preview:-1\" \/>\n<link rel=\"canonical\" href=\"https:\/\/outzin.com\/de\/datenschutzerklaerung-cookies\/\" \/>\n<meta property=\"og:locale\" content=\"de_DE\" \/>\n<meta property=\"og:type\" content=\"article\" \/>\n<meta property=\"og:title\" content=\"Datenschutzerkl\u00e4rung &amp; Cookies - Outzin\" \/>\n<meta property=\"og:description\" content=\"Datenschutzerkl\u00e4rung &amp; Cookies Auf unserer Website www.outzin.com verwenden wir wie alle anderen Cookies. Es ist v\u00f6llig harmlos und anonym. Das hei\u00dft, wir sammeln keine personenbezogenen Daten. Wir verwenden Cookies, um Ihre Erfahrung bei der Nutzung unserer Website zu verbessern. Auf dieser Seite erfahren Sie mehr dar\u00fcber, was Cookies sind und wie Sie diese m\u00f6glicherweise vermeiden&hellip; Datenschutzerkl\u00e4rung &amp; Cookies weiterlesen\" \/>\n<meta property=\"og:url\" content=\"https:\/\/outzin.com\/de\/datenschutzerklaerung-cookies\/\" \/>\n<meta property=\"og:site_name\" content=\"Outzin\" \/>\n<meta property=\"article:modified_time\" content=\"2021-07-01T08:22:21+00:00\" \/>\n<meta name=\"twitter:card\" content=\"summary_large_image\" \/>\n<meta name=\"twitter:label1\" content=\"Gesch\u00e4tzte Lesezeit\" \/>\n\t<meta name=\"twitter:data1\" content=\"1\u00a0Minute\" \/>\n<script type=\"application\/ld+json\" class=\"yoast-schema-graph\">{\"@context\":\"https:\\\/\\\/schema.org\",\"@graph\":[{\"@type\":\"WebPage\",\"@id\":\"https:\\\/\\\/outzin.com\\\/de\\\/datenschutzerklaerung-cookies\\\/\",\"url\":\"https:\\\/\\\/outzin.com\\\/de\\\/datenschutzerklaerung-cookies\\\/\",\"name\":\"Datenschutzerkl\u00e4rung &amp; Cookies - Outzin\",\"isPartOf\":{\"@id\":\"https:\\\/\\\/outzin.com\\\/de\\\/#website\"},\"datePublished\":\"2021-07-01T08:21:33+00:00\",\"dateModified\":\"2021-07-01T08:22:21+00:00\",\"breadcrumb\":{\"@id\":\"https:\\\/\\\/outzin.com\\\/de\\\/datenschutzerklaerung-cookies\\\/#breadcrumb\"},\"inLanguage\":\"de\",\"potentialAction\":[{\"@type\":\"ReadAction\",\"target\":[\"https:\\\/\\\/outzin.com\\\/de\\\/datenschutzerklaerung-cookies\\\/\"]}]},{\"@type\":\"BreadcrumbList\",\"@id\":\"https:\\\/\\\/outzin.com\\\/de\\\/datenschutzerklaerung-cookies\\\/#breadcrumb\",\"itemListElement\":[{\"@type\":\"ListItem\",\"position\":1,\"name\":\"Hjem\",\"item\":\"https:\\\/\\\/outzin.com\\\/de\\\/\"},{\"@type\":\"ListItem\",\"position\":2,\"name\":\"Datenschutzerkl\u00e4rung &amp; Cookies\"}]},{\"@type\":\"WebSite\",\"@id\":\"https:\\\/\\\/outzin.com\\\/de\\\/#website\",\"url\":\"https:\\\/\\\/outzin.com\\\/de\\\/\",\"name\":\"Outzin\",\"description\":\"Aktive naturoplevelser\",\"publisher\":{\"@id\":\"https:\\\/\\\/outzin.com\\\/de\\\/#organization\"},\"potentialAction\":[{\"@type\":\"SearchAction\",\"target\":{\"@type\":\"EntryPoint\",\"urlTemplate\":\"https:\\\/\\\/outzin.com\\\/de\\\/?s={search_term_string}\"},\"query-input\":{\"@type\":\"PropertyValueSpecification\",\"valueRequired\":true,\"valueName\":\"search_term_string\"}}],\"inLanguage\":\"de\"},{\"@type\":\"Organization\",\"@id\":\"https:\\\/\\\/outzin.com\\\/de\\\/#organization\",\"name\":\"Outzin\",\"url\":\"https:\\\/\\\/outzin.com\\\/de\\\/\",\"logo\":{\"@type\":\"ImageObject\",\"inLanguage\":\"de\",\"@id\":\"https:\\\/\\\/outzin.com\\\/de\\\/#\\\/schema\\\/logo\\\/image\\\/\",\"url\":\"https:\\\/\\\/outzin.com\\\/wp-content\\\/uploads\\\/2021\\\/04\\\/cropped-outZin_sd4b_hvid-8d58a405-p4mlpxh27d7jynzu1ukdjj05ptk1swnu1n4bzmyme2.png\",\"contentUrl\":\"https:\\\/\\\/outzin.com\\\/wp-content\\\/uploads\\\/2021\\\/04\\\/cropped-outZin_sd4b_hvid-8d58a405-p4mlpxh27d7jynzu1ukdjj05ptk1swnu1n4bzmyme2.png\",\"width\":180,\"height\":73,\"caption\":\"Outzin\"},\"image\":{\"@id\":\"https:\\\/\\\/outzin.com\\\/de\\\/#\\\/schema\\\/logo\\\/image\\\/\"}}]}<\/script>\n<!-- \/ Yoast SEO plugin. -->","yoast_head_json":{"title":"Datenschutzerkl\u00e4rung &amp; Cookies - Outzin","robots":{"index":"index","follow":"follow","max-snippet":"max-snippet:-1","max-image-preview":"max-image-preview:large","max-video-preview":"max-video-preview:-1"},"canonical":"https:\/\/outzin.com\/de\/datenschutzerklaerung-cookies\/","og_locale":"de_DE","og_type":"article","og_title":"Datenschutzerkl\u00e4rung &amp; Cookies - Outzin","og_description":"Datenschutzerkl\u00e4rung &amp; Cookies Auf unserer Website www.outzin.com verwenden wir wie alle anderen Cookies. Es ist v\u00f6llig harmlos und anonym. Das hei\u00dft, wir sammeln keine personenbezogenen Daten. Wir verwenden Cookies, um Ihre Erfahrung bei der Nutzung unserer Website zu verbessern. Auf dieser Seite erfahren Sie mehr dar\u00fcber, was Cookies sind und wie Sie diese m\u00f6glicherweise vermeiden&hellip; Datenschutzerkl\u00e4rung &amp; Cookies weiterlesen","og_url":"https:\/\/outzin.com\/de\/datenschutzerklaerung-cookies\/","og_site_name":"Outzin","article_modified_time":"2021-07-01T08:22:21+00:00","twitter_card":"summary_large_image","twitter_misc":{"Gesch\u00e4tzte Lesezeit":"1\u00a0Minute"},"schema":{"@context":"https:\/\/schema.org","@graph":[{"@type":"WebPage","@id":"https:\/\/outzin.com\/de\/datenschutzerklaerung-cookies\/","url":"https:\/\/outzin.com\/de\/datenschutzerklaerung-cookies\/","name":"Datenschutzerkl\u00e4rung &amp; Cookies - Outzin","isPartOf":{"@id":"https:\/\/outzin.com\/de\/#website"},"datePublished":"2021-07-01T08:21:33+00:00","dateModified":"2021-07-01T08:22:21+00:00","breadcrumb":{"@id":"https:\/\/outzin.com\/de\/datenschutzerklaerung-cookies\/#breadcrumb"},"inLanguage":"de","potentialAction":[{"@type":"ReadAction","target":["https:\/\/outzin.com\/de\/datenschutzerklaerung-cookies\/"]}]},{"@type":"BreadcrumbList","@id":"https:\/\/outzin.com\/de\/datenschutzerklaerung-cookies\/#breadcrumb","itemListElement":[{"@type":"ListItem","position":1,"name":"Hjem","item":"https:\/\/outzin.com\/de\/"},{"@type":"ListItem","position":2,"name":"Datenschutzerkl\u00e4rung &amp; Cookies"}]},{"@type":"WebSite","@id":"https:\/\/outzin.com\/de\/#website","url":"https:\/\/outzin.com\/de\/","name":"Outzin","description":"Aktive naturoplevelser","publisher":{"@id":"https:\/\/outzin.com\/de\/#organization"},"potentialAction":[{"@type":"SearchAction","target":{"@type":"EntryPoint","urlTemplate":"https:\/\/outzin.com\/de\/?s={search_term_string}"},"query-input":{"@type":"PropertyValueSpecification","valueRequired":true,"valueName":"search_term_string"}}],"inLanguage":"de"},{"@type":"Organization","@id":"https:\/\/outzin.com\/de\/#organization","name":"Outzin","url":"https:\/\/outzin.com\/de\/","logo":{"@type":"ImageObject","inLanguage":"de","@id":"https:\/\/outzin.com\/de\/#\/schema\/logo\/image\/","url":"https:\/\/outzin.com\/wp-content\/uploads\/2021\/04\/cropped-outZin_sd4b_hvid-8d58a405-p4mlpxh27d7jynzu1ukdjj05ptk1swnu1n4bzmyme2.png","contentUrl":"https:\/\/outzin.com\/wp-content\/uploads\/2021\/04\/cropped-outZin_sd4b_hvid-8d58a405-p4mlpxh27d7jynzu1ukdjj05ptk1swnu1n4bzmyme2.png","width":180,"height":73,"caption":"Outzin"},"image":{"@id":"https:\/\/outzin.com\/de\/#\/schema\/logo\/image\/"}}]}},"_links":{"self":[{"href":"https:\/\/outzin.com\/de\/wp-json\/wp\/v2\/pages\/1350","targetHints":{"allow":["GET"]}}],"collection":[{"href":"https:\/\/outzin.com\/de\/wp-json\/wp\/v2\/pages"}],"about":[{"href":"https:\/\/outzin.com\/de\/wp-json\/wp\/v2\/types\/page"}],"author":[{"embeddable":true,"href":"https:\/\/outzin.com\/de\/wp-json\/wp\/v2\/users\/1"}],"replies":[{"embeddable":true,"href":"https:\/\/outzin.com\/de\/wp-json\/wp\/v2\/comments?post=1350"}],"version-history":[{"count":3,"href":"https:\/\/outzin.com\/de\/wp-json\/wp\/v2\/pages\/1350\/revisions"}],"predecessor-version":[{"id":1355,"href":"https:\/\/outzin.com\/de\/wp-json\/wp\/v2\/pages\/1350\/revisions\/1355"}],"wp:attachment":[{"href":"https:\/\/outzin.com\/de\/wp-json\/wp\/v2\/media?parent=1350"}],"curies":[{"name":"wp","href":"https:\/\/api.w.org\/{rel}","templated":true}]}}